{"id":7,"date":"2022-09-26T12:59:09","date_gmt":"2022-09-26T12:59:09","guid":{"rendered":"https:\/\/tosoky.hu\/?page_id=7"},"modified":"2023-07-13T13:43:51","modified_gmt":"2023-07-13T13:43:51","slug":"fooldal","status":"publish","type":"page","link":"https:\/\/tosoky.hu\/en\/","title":{"rendered":"Home"},"content":{"rendered":"<p>[et_pb_section fb_built=&#8221;1&#8243; _builder_version=&#8221;4.9.4&#8243; _module_preset=&#8221;default&#8221; background_color=&#8221;#203440&#8243; use_background_color_gradient=&#8221;on&#8221; background_color_gradient_start=&#8221;rgba(32,52,64,0.08)&#8221; background_color_gradient_start_position=&#8221;100%&#8221; background_color_gradient_overlays_image=&#8221;on&#8221; background_image=&#8221;https:\/\/drelmer.hu\/wp-content\/uploads\/2022\/07\/c8bfd81c-2932-4411-a7a3-5eabfc30664b.webp&#8221; max_width=&#8221;100%&#8221; min_height=&#8221;661px&#8221; custom_margin=&#8221;||-1px|||&#8221; custom_padding=&#8221;76px||||false|false&#8221; background_last_edited=&#8221;on|desktop&#8221; global_colors_info=&#8221;{}&#8221;][et_pb_row _builder_version=&#8221;4.9.4&#8243; _module_preset=&#8221;default&#8221; custom_margin=&#8221;100px||||false|false&#8221; custom_padding=&#8221;||||false|false&#8221; global_colors_info=&#8221;{}&#8221;][et_pb_column type=&#8221;4_4&#8243; _builder_version=&#8221;4.9.4&#8243; _module_preset=&#8221;default&#8221; global_colors_info=&#8221;{}&#8221;][et_pb_text _builder_version=&#8221;4.10.5&#8243; _module_preset=&#8221;default&#8221; transform_scale=&#8221;110%|110%&#8221; global_colors_info=&#8221;{}&#8221;]<\/p>\n<h1 style=\"text-align: center;\"><span style=\"color: #ffffff;\">Welcome to T\u00f3soky Law Office!<\/span><\/h1>\n<p>[\/et_pb_text][\/et_pb_column][\/et_pb_row][\/et_pb_section][et_pb_section fb_built=&#8221;1&#8243; _builder_version=&#8221;4.9.4&#8243; _module_preset=&#8221;default&#8221; global_colors_info=&#8221;{}&#8221;][et_pb_row _builder_version=&#8221;4.10.5&#8243; _module_preset=&#8221;default&#8221; global_colors_info=&#8221;{}&#8221;][et_pb_column type=&#8221;4_4&#8243; _builder_version=&#8221;4.10.5&#8243; _module_preset=&#8221;default&#8221; global_colors_info=&#8221;{}&#8221;][et_pb_text _builder_version=&#8221;4.10.5&#8243; _module_preset=&#8221;default&#8221; text_font=&#8221;||||||||&#8221; global_colors_info=&#8221;{}&#8221;]<\/p>\n<p><strong>Greetings to the reader!<\/strong><\/p>\n<p style=\"text-align: justify;\">Our law firm provides advice, legal protection and representation in the changing legal environment to the best of its ability: we use all legal means and ways to help our clients enforce their rights and fulfil their obligations, and to settle their disputes by agreement where possible.<\/p>\n<p style=\"text-align: justify;\">We thank you for your attention and trust for visiting our website.<\/p>\n<p style=\"text-align: right;\"><em><strong>Dr. Bal\u00e1zs T\u00f3soky<\/strong><\/em><\/p>\n<p>&nbsp;<\/p>\n<p style=\"text-align: justify;\">For your information, the content available on this website does not constitute advice, nor does it constitute an offer or an invitation to tender. The sole purpose of the website is to present and provide general information about the Firm. Our website does not contain any invitation to enter into an engagement, offer, engagement agreement or power of attorney that may be downloaded from the website. This website has been prepared in accordance with Resolution No 2\/2001 (IX. 3.) of the Presidium of the Hungarian Bar Association on the content of the website of lawyers.<\/p>\n<p>[\/et_pb_text][\/et_pb_column][\/et_pb_row][et_pb_row column_structure=&#8221;1_3,1_3,1_3&#8243; _builder_version=&#8221;4.10.5&#8243; _module_preset=&#8221;default&#8221; global_colors_info=&#8221;{}&#8221;][et_pb_column type=&#8221;1_3&#8243; _builder_version=&#8221;4.9.4&#8243; _module_preset=&#8221;default&#8221; global_colors_info=&#8221;{}&#8221;][et_pb_button button_url=&#8221;https:\/\/tosoky.hu\/dr-tosoky-balazs\/&#8221; button_text=&#8221;Dr. T\u00f3soky Bal\u00e1zs&#8221; button_alignment=&#8221;center&#8221; _builder_version=&#8221;4.10.5&#8243; _module_preset=&#8221;default&#8221; custom_button=&#8221;on&#8221; button_text_color=&#8221;#203440&#8243; button_bg_color=&#8221;#FFFFFF&#8221; button_border_radius=&#8221;0px&#8221; button_font=&#8221;|600|||||||&#8221; button_use_icon=&#8221;off&#8221; hover_enabled=&#8221;0&#8243; button_text_color_tablet=&#8221;&#8221; button_text_color_phone=&#8221;&#8221; button_text_color_last_edited=&#8221;on|desktop&#8221; global_colors_info=&#8221;{}&#8221; button_text_color__hover_enabled=&#8221;on|hover&#8221; button_text_color__hover=&#8221;#FFFFFF&#8221; button_bg_color__hover_enabled=&#8221;on|hover&#8221; button_bg_color__hover=&#8221;#203440&#8243; button_bg_enable_color__hover=&#8221;on&#8221; sticky_enabled=&#8221;0&#8243;][\/et_pb_button][\/et_pb_column][et_pb_column type=&#8221;1_3&#8243; _builder_version=&#8221;4.9.4&#8243; _module_preset=&#8221;default&#8221; global_colors_info=&#8221;{}&#8221;][et_pb_button button_url=&#8221;https:\/\/tosoky.hu\/szakteruletek\/&#8221; button_text=&#8221;Szakter\u00fcletek&#8221; button_alignment=&#8221;center&#8221; _builder_version=&#8221;4.10.5&#8243; _module_preset=&#8221;default&#8221; custom_button=&#8221;on&#8221; button_text_color=&#8221;#203440&#8243; button_bg_color=&#8221;#FFFFFF&#8221; button_border_radius=&#8221;0px&#8221; button_font=&#8221;|600|||||||&#8221; button_use_icon=&#8221;off&#8221; button_text_color_tablet=&#8221;&#8221; button_text_color_phone=&#8221;&#8221; button_text_color_last_edited=&#8221;on|desktop&#8221; global_colors_info=&#8221;{}&#8221; button_text_color__hover_enabled=&#8221;on|hover&#8221; button_text_color__hover=&#8221;#FFFFFF&#8221; button_bg_color__hover_enabled=&#8221;on|hover&#8221; button_bg_color__hover=&#8221;#203440&#8243; button_bg_enable_color__hover=&#8221;on&#8221;][\/et_pb_button][\/et_pb_column][et_pb_column type=&#8221;1_3&#8243; _builder_version=&#8221;4.9.4&#8243; _module_preset=&#8221;default&#8221; global_colors_info=&#8221;{}&#8221;][et_pb_button button_url=&#8221;https:\/\/tosoky.hu\/kapcsolat\/&#8221; button_text=&#8221;Kapcsolat&#8221; button_alignment=&#8221;center&#8221; _builder_version=&#8221;4.10.5&#8243; _module_preset=&#8221;default&#8221; custom_button=&#8221;on&#8221; button_text_color=&#8221;#203440&#8243; button_bg_color=&#8221;#FFFFFF&#8221; button_border_radius=&#8221;0px&#8221; button_font=&#8221;|600|||||||&#8221; button_use_icon=&#8221;off&#8221; button_text_color_tablet=&#8221;&#8221; button_text_color_phone=&#8221;&#8221; button_text_color_last_edited=&#8221;on|desktop&#8221; global_colors_info=&#8221;{}&#8221; button_text_color__hover=&#8221;#FFFFFF&#8221; button_text_color__hover_enabled=&#8221;on|hover&#8221; button_bg_color__hover=&#8221;#203440&#8243; button_bg_color__hover_enabled=&#8221;on|hover&#8221; button_bg_enable_color__hover=&#8221;on&#8221;][\/et_pb_button][\/et_pb_column][\/et_pb_row][\/et_pb_section]<\/p>","protected":false},"excerpt":{"rendered":"<p>\u00dcdv\u00f6zli \u00d6nt a T\u00f3soky \u00dcgyv\u00e9di Iroda!\u00dcdv\u00f6zlet az olvas\u00f3nak! \u00dcgyv\u00e9di irod\u00e1nk a v\u00e1ltoz\u00f3 jogi k\u00f6rnyezetben legjobb tud\u00e1sa szerint ny\u00fajt a hozz\u00e1 fordul\u00f3knak tan\u00e1csot, jogv\u00e9delmet \u00e9s k\u00e9pviseletet: minden t\u00f6rv\u00e9nyes eszk\u00f6zzel \u00e9s m\u00f3don t\u00f6reksz\u00fcnk el\u0151seg\u00edteni megb\u00edz\u00f3ink jogainak \u00e9rv\u00e9nyes\u00edt\u00e9s\u00e9t \u00e9s k\u00f6telezetts\u00e9geik teljes\u00edt\u00e9s\u00e9t, jogvit\u00e1ik lehet\u0151s\u00e9g szerinti megegyez\u00e9ssel val\u00f3 rendez\u00e9s\u00e9t. K\u00f6sz\u00f6nettel vessz\u00fck figyelm\u00e9t \u00e9s bizalm\u00e1t, hogy megl\u00e1togatja honlapunkat. Dr. T\u00f3soky Bal\u00e1zs [&hellip;]<\/p>","protected":false},"author":1,"featured_media":0,"parent":0,"menu_order":0,"comment_status":"closed","ping_status":"closed","template":"","meta":{"_et_pb_use_builder":"on","_et_pb_old_content":"","_et_gb_content_width":"","footnotes":""},"class_list":["post-7","page","type-page","status-publish","hentry"],"_links":{"self":[{"href":"https:\/\/tosoky.hu\/en\/wp-json\/wp\/v2\/pages\/7","targetHints":{"allow":["GET"]}}],"collection":[{"href":"https:\/\/tosoky.hu\/en\/wp-json\/wp\/v2\/pages"}],"about":[{"href":"https:\/\/tosoky.hu\/en\/wp-json\/wp\/v2\/types\/page"}],"author":[{"embeddable":true,"href":"https:\/\/tosoky.hu\/en\/wp-json\/wp\/v2\/users\/1"}],"replies":[{"embeddable":true,"href":"https:\/\/tosoky.hu\/en\/wp-json\/wp\/v2\/comments?post=7"}],"version-history":[{"count":13,"href":"https:\/\/tosoky.hu\/en\/wp-json\/wp\/v2\/pages\/7\/revisions"}],"predecessor-version":[{"id":132,"href":"https:\/\/tosoky.hu\/en\/wp-json\/wp\/v2\/pages\/7\/revisions\/132"}],"wp:attachment":[{"href":"https:\/\/tosoky.hu\/en\/wp-json\/wp\/v2\/media?parent=7"}],"curies":[{"name":"wp","href":"https:\/\/api.w.org\/{rel}","templated":true}]}}