{"id":48,"date":"2022-09-28T14:36:15","date_gmt":"2022-09-28T14:36:15","guid":{"rendered":"https:\/\/tosoky.hu\/?page_id=48"},"modified":"2023-07-13T14:01:15","modified_gmt":"2023-07-13T14:01:15","slug":"dr-tosoky-balazs","status":"publish","type":"page","link":"https:\/\/tosoky.hu\/en\/dr-tosoky-balazs\/","title":{"rendered":"Dr. Bal\u00e1zs T\u00f3soky"},"content":{"rendered":"<p>[et_pb_section fb_built=&#8221;1&#8243; _builder_version=&#8221;4.9.4&#8243; _module_preset=&#8221;default&#8221; background_color=&#8221;#203440&#8243; use_background_color_gradient=&#8221;on&#8221; background_color_gradient_start=&#8221;rgba(32,52,64,0.08)&#8221; background_color_gradient_start_position=&#8221;100%&#8221; background_color_gradient_overlays_image=&#8221;on&#8221; background_image=&#8221;https:\/\/tosoky.hu\/wp-content\/uploads\/2022\/10\/c8bfd81c-2932-4411-a7a3-5eabfc30664b.webp&#8221; max_width=&#8221;100%&#8221; min_height=&#8221;661px&#8221; custom_margin=&#8221;||-1px|||&#8221; custom_padding=&#8221;76px||||false|false&#8221; background_last_edited=&#8221;on|desktop&#8221; global_colors_info=&#8221;{}&#8221;][et_pb_row _builder_version=&#8221;4.9.4&#8243; _module_preset=&#8221;default&#8221; custom_margin=&#8221;100px||||false|false&#8221; custom_padding=&#8221;||||false|false&#8221; global_colors_info=&#8221;{}&#8221;][et_pb_column type=&#8221;4_4&#8243; _builder_version=&#8221;4.9.4&#8243; _module_preset=&#8221;default&#8221; global_colors_info=&#8221;{}&#8221;][et_pb_text _builder_version=&#8221;4.10.5&#8243; _module_preset=&#8221;default&#8221; transform_scale=&#8221;110%|110%&#8221; global_colors_info=&#8221;{}&#8221;]<\/p>\n<h1 style=\"text-align: center;\"><span style=\"color: #ffffff;\">Welcome to T\u00f3soky Law Office!<\/span><\/h1>\n<p>[\/et_pb_text][\/et_pb_column][\/et_pb_row][\/et_pb_section][et_pb_section fb_built=&#8221;1&#8243; _builder_version=&#8221;4.9.4&#8243; _module_preset=&#8221;default&#8221; global_colors_info=&#8221;{}&#8221;][et_pb_row _builder_version=&#8221;4.10.5&#8243; _module_preset=&#8221;default&#8221; global_colors_info=&#8221;{}&#8221;][et_pb_column type=&#8221;4_4&#8243; _builder_version=&#8221;4.10.5&#8243; _module_preset=&#8221;default&#8221; global_colors_info=&#8221;{}&#8221;][et_pb_text _builder_version=&#8221;4.10.5&#8243; _module_preset=&#8221;default&#8221; text_font=&#8221;||||||||&#8221; hover_enabled=&#8221;0&#8243; global_colors_info=&#8221;{}&#8221; sticky_enabled=&#8221;0&#8243;]<\/p>\n<h3><strong>Dr. Bal\u00e1zs T\u00f3soky<\/strong><\/h3>\n<p>[\/et_pb_text][\/et_pb_column][\/et_pb_row][et_pb_row _builder_version=&#8221;4.10.5&#8243; _module_preset=&#8221;default&#8221; custom_margin=&#8221;-36px|auto||auto||&#8221;][et_pb_column _builder_version=&#8221;4.10.5&#8243; _module_preset=&#8221;default&#8221; type=&#8221;4_4&#8243;][et_pb_text _builder_version=&#8221;4.10.5&#8243; _module_preset=&#8221;default&#8221; hover_enabled=&#8221;0&#8243; sticky_enabled=&#8221;0&#8243;]<\/p>\n<div data-cke-filler-webkit=\"start\" data-cke-temp=\"1\"><\/div>\n<ul>\n<li><span>After graduating from the Piarist High School in Budapest, he studied law at the Faculty of Law and Political Sciences of the ELTE University of Technology from 1993-1998, graduating cum laude in 1998.<\/span><\/li>\n<\/ul>\n<ul>\n<li><span>Between November 1998 and April 1999 he was a trainee lawyer in Budapest (T\u00f3th, Helli &amp; Ruszthy Law Office).<\/span><\/li>\n<\/ul>\n<ul>\n<li><span>Between May 1999 and June 2000 he worked at the Dean's Secretariat of the Faculty of Law and Political Sciences of the Hungarian University of Economics and Business as secretary to Dr. J\u00e1nos Zlinszky, Dean of the Faculty.<\/span><\/li>\n<\/ul>\n<ul>\n<li><span>November 1999 - June 2000 Trainee lawyer (Dr. Jen\u0151 Bodonovich, sole practitioner).<\/span><\/li>\n<\/ul>\n<ul>\n<li><span>Between 1999 and 2003, he taught basic legal knowledge as an external teacher at the Piarist High School in Budapest.<\/span><\/li>\n<\/ul>\n<ul>\n<li><span>From August 2000 to August 2005, he worked for President Ferenc M\u00e1dl, as legal adviser to the Office of the President of the Republic, and as personal secretary to the Head of the Office.<\/span><\/li>\n<\/ul>\n<ul>\n<li><span>He graduated cum laude in law in 2004.<\/span><\/li>\n<\/ul>\n<ul>\n<li><span>Lawyer since 2005.<\/span><span><\/span><\/li>\n<\/ul>\n<p><span><\/span><\/p>\n<p><span>Speaks English, French, Italian.<\/span><\/p>\n<p>[\/et_pb_text][\/et_pb_column][\/et_pb_row][\/et_pb_section]<\/p>","protected":false},"excerpt":{"rendered":"<p>\u00dcdv\u00f6zli \u00d6nt a T\u00f3soky \u00dcgyv\u00e9di Iroda!Dr. T\u00f3soky Bal\u00e1zs a Budapesti Piarista Gimn\u00e1ziumban tett \u00e9retts\u00e9git k\u00f6vet\u0151en 1993-1998. k\u00f6z\u00f6tt az ELTE \u00c1llam- \u00e9s Jogtudom\u00e1nyi Kar jog\u00e1sz szak\u00e1n tanult, 1998-ban jogi diplom\u00e1t (\u201ecum laude\u201d) szerzett. 1998. november \u2013 1999. \u00e1prilis k\u00f6z\u00f6tt Budapesten volt \u00fcgyv\u00e9djel\u00f6lt (T\u00f3th, Helli &amp; Ruszthy \u00dcgyv\u00e9di Iroda). 1999. m\u00e1jus \u2013 2000. j\u00faniusa k\u00f6z\u00f6tt a PPKE [&hellip;]<\/p>","protected":false},"author":1,"featured_media":0,"parent":0,"menu_order":0,"comment_status":"closed","ping_status":"closed","template":"","meta":{"_et_pb_use_builder":"on","_et_pb_old_content":"","_et_gb_content_width":"","footnotes":""},"class_list":["post-48","page","type-page","status-publish","hentry"],"_links":{"self":[{"href":"https:\/\/tosoky.hu\/en\/wp-json\/wp\/v2\/pages\/48","targetHints":{"allow":["GET"]}}],"collection":[{"href":"https:\/\/tosoky.hu\/en\/wp-json\/wp\/v2\/pages"}],"about":[{"href":"https:\/\/tosoky.hu\/en\/wp-json\/wp\/v2\/types\/page"}],"author":[{"embeddable":true,"href":"https:\/\/tosoky.hu\/en\/wp-json\/wp\/v2\/users\/1"}],"replies":[{"embeddable":true,"href":"https:\/\/tosoky.hu\/en\/wp-json\/wp\/v2\/comments?post=48"}],"version-history":[{"count":6,"href":"https:\/\/tosoky.hu\/en\/wp-json\/wp\/v2\/pages\/48\/revisions"}],"predecessor-version":[{"id":138,"href":"https:\/\/tosoky.hu\/en\/wp-json\/wp\/v2\/pages\/48\/revisions\/138"}],"wp:attachment":[{"href":"https:\/\/tosoky.hu\/en\/wp-json\/wp\/v2\/media?parent=48"}],"curies":[{"name":"wp","href":"https:\/\/api.w.org\/{rel}","templated":true}]}}