{"id":13,"date":"2022-09-26T13:00:49","date_gmt":"2022-09-26T13:00:49","guid":{"rendered":"https:\/\/tosoky.hu\/?page_id=13"},"modified":"2023-07-13T14:13:01","modified_gmt":"2023-07-13T14:13:01","slug":"szakteruletek","status":"publish","type":"page","link":"https:\/\/tosoky.hu\/en\/szakteruletek\/","title":{"rendered":"Areas of expertise"},"content":{"rendered":"<p>[et_pb_section fb_built=&#8221;1&#8243; _builder_version=&#8221;4.9.4&#8243; _module_preset=&#8221;default&#8221; background_color=&#8221;#21353f&#8221; use_background_color_gradient=&#8221;on&#8221; background_color_gradient_start=&#8221;rgba(32,52,64,0.13)&#8221; background_color_gradient_end=&#8221;rgba(100,196,180,0)&#8221; background_color_gradient_overlays_image=&#8221;on&#8221; background_image=&#8221;https:\/\/drelmer.hu\/wp-content\/uploads\/2022\/07\/c8bfd81c-2932-4411-a7a3-5eabfc30664b.webp&#8221; min_height=&#8221;659.7px&#8221; global_colors_info=&#8221;{}&#8221;][et_pb_row _builder_version=&#8221;4.9.4&#8243; _module_preset=&#8221;default&#8221; custom_margin=&#8221;110px||||false|false&#8221; global_colors_info=&#8221;{}&#8221;][et_pb_column type=&#8221;4_4&#8243; _builder_version=&#8221;4.9.4&#8243; _module_preset=&#8221;default&#8221; global_colors_info=&#8221;{}&#8221;][et_pb_text _builder_version=&#8221;4.10.5&#8243; _module_preset=&#8221;default&#8221; text_font_size=&#8221;44px&#8221; header_font_size=&#8221;51px&#8221; transform_scale=&#8221;110%|110%&#8221; hover_enabled=&#8221;0&#8243; locked=&#8221;off&#8221; global_colors_info=&#8221;{}&#8221; header_font_size_last_edited=&#8221;on|phone&#8221; header_font_size_phone=&#8221;41px&#8221; sticky_enabled=&#8221;0&#8243;]<\/p>\n<h1 style=\"text-align: center;\"><span style=\"color: #ffffff;\">Areas of expertise<\/span><\/h1>\n<p>[\/et_pb_text][\/et_pb_column][\/et_pb_row][\/et_pb_section][et_pb_section fb_built=&#8221;1&#8243; _builder_version=&#8221;4.9.4&#8243; _module_preset=&#8221;default&#8221; global_colors_info=&#8221;{}&#8221;][et_pb_row _builder_version=&#8221;4.10.5&#8243; _module_preset=&#8221;default&#8221; global_colors_info=&#8221;{}&#8221;][et_pb_column type=&#8221;4_4&#8243; _builder_version=&#8221;4.9.4&#8243; _module_preset=&#8221;default&#8221; global_colors_info=&#8221;{}&#8221;][et_pb_text _builder_version=&#8221;4.10.5&#8243; _module_preset=&#8221;default&#8221; global_colors_info=&#8221;{}&#8221;]<\/p>\n<h3><strong>Activities<\/strong><\/h3>\n<p><strong><\/strong><\/p>\n<p>The<strong> T\u00f3soky Law Office <\/strong>was founded on 26 May 2005 in Budapest by Dr. Bal\u00e1zs T\u00f3soky, the office was registered in the Budapest Bar Association under the number 1872, and was admitted to the register of law firms on 1 September 2005. Our office is a classic civil law firm, which provides legal advice, drafting and drafting contracts, pleadings and other documents, and providing legal representation in litigation and non-litigation proceedings. The firm is equipped with all the IT and technical tools necessary for the reliable, efficient and accurate handling of legal transactions. Our liability insurer is the Hungarian Lawyers' Insurance and Assistance Association (M\u00dcBSE 1136 Budapest, Heged\u0171s Gyula u. 8. IV. 5., www.mubse.hu ).<\/p>\n<p><strong>About the commission<\/strong>: in Roman times, the Emperor Augustus was the last to prohibit lawyers from accepting remuneration for their work. Currently, the remuneration (fees) of lawyers is freely negotiable under the CC. Our office is not run on a charitable basis. The fees of the Law Firm cannot be published on the website on the basis of Resolution No. 2\/2001 (IX. 3.) of the Presidium of the Hungarian Bar Association on the content of the website of lawyers. The Office will propose, before the case is undertaken, when and how much it considers acceptable for the legal work to be performed. The fee will be influenced by the nature of the case to be handled and the amount of work to be done.<\/p>\n<p>[\/et_pb_text][\/et_pb_column][\/et_pb_row][et_pb_row column_structure=&#8221;1_2,1_2&#8243; _builder_version=&#8221;4.10.5&#8243; _module_preset=&#8221;default&#8221; global_colors_info=&#8221;{}&#8221;][et_pb_column type=&#8221;1_2&#8243; _builder_version=&#8221;4.10.5&#8243; _module_preset=&#8221;default&#8221; global_colors_info=&#8221;{}&#8221;][et_pb_toggle title=&#8221;Ingatlanok&#8221; _builder_version=&#8221;4.10.5&#8243; _module_preset=&#8221;default&#8221; title_level=&#8221;h1&#8243; global_colors_info=&#8221;{}&#8221;]<\/p>\n<p>- transfer of real estate (sale, exchange, annuity, maintenance, inheritance or mixed contracts), from legal advice to drafting of deeds,<\/p>\n<p>- full range of land registry services,<\/p>\n<p>\u2013 ingatlanokat \u00e9rint\u0151 szerz\u0151d\u00e9sek k\u00e9sz\u00edt\u00e9se (b\u00e9rbead\u00e1s, hasznos\u00edt\u00e1s),<\/p>\n<p>- land reparcelling (redistribution of a group of plots, subdivision of plots, land consolidation and land boundary adjustment),<\/p>\n<p>- assistance in building authority matters (construction, alteration, extension, renovation, restoration, modernisation, demolition, opening for use, maintenance or change of use of a building, part of a building or complex of buildings), legal advice and preparation of related documents and contracts<\/p>\n<p>- legal representation of condominiums, drafting of condominium articles of association, condominium by-laws and other regulations<\/p>\n<p>[\/et_pb_toggle][\/et_pb_column][et_pb_column type=&#8221;1_2&#8243; _builder_version=&#8221;4.10.5&#8243; _module_preset=&#8221;default&#8221; global_colors_info=&#8221;{}&#8221;][et_pb_toggle title=&#8221;T\u00e1rsas\u00e1gi jog&#8221; _builder_version=&#8221;4.10.5&#8243; _module_preset=&#8221;default&#8221; title_level=&#8221;h1&#8243; global_colors_info=&#8221;{}&#8221;]<\/p>\n<p>- formation and registration of changes to companies,<\/p>\n<p>- preparing documents for general assemblies and members' meetings,<\/p>\n<p>- developing organisational, operational, disciplinary and other internal rules,<\/p>\n<p>- conducting liquidations<\/p>\n<p>- transformation of companies<\/p>\n<p>[\/et_pb_toggle][\/et_pb_column][\/et_pb_row][et_pb_row column_structure=&#8221;1_3,1_3,1_3&#8243; _builder_version=&#8221;4.10.5&#8243; _module_preset=&#8221;default&#8221; global_colors_info=&#8221;{}&#8221;][et_pb_column type=&#8221;1_3&#8243; _builder_version=&#8221;4.10.5&#8243; _module_preset=&#8221;default&#8221; global_colors_info=&#8221;{}&#8221;][et_pb_toggle title=&#8221;Peres \u00e9s nem peres elj\u00e1r\u00e1sok&#8221; _builder_version=&#8221;4.10.5&#8243; _module_preset=&#8221;default&#8221; title_level=&#8221;h1&#8243; global_colors_info=&#8221;{}&#8221;]<\/p>\n<p>- litigation in rem<\/p>\n<p>- class action lawsuits<\/p>\n<p>- dispossession<\/p>\n<p>- termination of joint ownership<\/p>\n<p>- labour lawsuits<\/p>\n<p>- administrative lawsuits<\/p>\n<p>- order for payment procedure<\/p>\n<p>[\/et_pb_toggle][\/et_pb_column][et_pb_column type=&#8221;1_3&#8243; _builder_version=&#8221;4.10.5&#8243; _module_preset=&#8221;default&#8221; global_colors_info=&#8221;{}&#8221;][et_pb_toggle title=&#8221;Hagyat\u00e9ki elj\u00e1r\u00e1s, \u00f6r\u00f6kl\u00e9si jog&#8221; _builder_version=&#8221;4.10.5&#8243; _module_preset=&#8221;default&#8221; title_level=&#8221;h1&#8243; global_colors_info=&#8221;{}&#8221;]<\/p>\n<p>- drafting wills<\/p>\n<p>- drafting succession contracts<\/p>\n<p>- full representation in probate and succession proceedings.<\/p>\n<p>[\/et_pb_toggle][\/et_pb_column][et_pb_column type=&#8221;1_3&#8243; _builder_version=&#8221;4.10.5&#8243; _module_preset=&#8221;default&#8221; global_colors_info=&#8221;{}&#8221;][et_pb_toggle title=&#8221;T\u00e1rsadalmi szervezetek jogi k\u00e9pviselete&#8221; _builder_version=&#8221;4.10.5&#8243; _module_preset=&#8221;default&#8221; title_level=&#8221;h1&#8243; global_colors_info=&#8221;{}&#8221;]<\/p>\n<p>- establishment and registration of foundations, associations and sports clubs<\/p>\n<p>- drafting internal rules and regulations<\/p>\n<p>- full legal representation, from advice to drafting, representation in court<\/p>\n<p>[\/et_pb_toggle][\/et_pb_column][\/et_pb_row][et_pb_row _builder_version=&#8221;4.9.4&#8243; _module_preset=&#8221;default&#8221; custom_margin=&#8221;||||false|false&#8221; custom_padding=&#8221;||||false|true&#8221; global_colors_info=&#8221;{}&#8221;][et_pb_column type=&#8221;4_4&#8243; _builder_version=&#8221;4.9.4&#8243; _module_preset=&#8221;default&#8221; global_colors_info=&#8221;{}&#8221;][et_pb_button button_url=&#8221;@ET-DC@eyJkeW5hbWljIjp0cnVlLCJjb250ZW50IjoicG9zdF9saW5rX3VybF9wYWdlIiwic2V0dGluZ3MiOnsicG9zdF9pZCI6IjE2In19@&#8221; button_text=&#8221;Felveszem a kapcsolatot&#8221; button_alignment=&#8221;center&#8221; button_text_tablet=&#8221;Felveszem a kapcsolatot&#8221; button_text_phone=&#8221;Felveszem a kapcsolatot&#8221; button_text_last_edited=&#8221;on|phone&#8221; _builder_version=&#8221;4.10.5&#8243; _dynamic_attributes=&#8221;button_url&#8221; _module_preset=&#8221;default&#8221; custom_button=&#8221;on&#8221; button_text_color=&#8221;#203440&#8243; button_bg_color=&#8221;#FFFFFF&#8221; button_font=&#8221;|700|||||||&#8221; button_use_icon=&#8221;off&#8221; global_colors_info=&#8221;{}&#8221; button_text__hover_enabled=&#8221;off|desktop&#8221; button_text_color__hover_enabled=&#8221;on|hover&#8221; button_bg_color__hover_enabled=&#8221;on|hover&#8221; button_text_color__hover=&#8221;#FFFFFF&#8221; button_bg_color__hover=&#8221;#42BD69&#8243; button_bg_enable_color__hover=&#8221;on&#8221;][\/et_pb_button][\/et_pb_column][\/et_pb_row][\/et_pb_section]<\/p>","protected":false},"excerpt":{"rendered":"<p>Szakter\u00fcletekTev\u00e9kenys\u00e9gek A T\u00f3soky \u00dcgyv\u00e9di Irod\u00e1t 2005. m\u00e1jus 26-\u00e1n, Budapesten alap\u00edtotta meg Dr. T\u00f3soky Bal\u00e1zs, az Irod\u00e1t a Budapesti \u00dcgyv\u00e9di Kamara 1872. sz\u00e1m alatt, 2005. szeptember 1-j\u00e9n vette fel az \u00fcgyv\u00e9di irod\u00e1k n\u00e9vjegyz\u00e9k\u00e9be. Irod\u00e1nk klasszikus polg\u00e1ri iroda, amely \u00fcgyfelei r\u00e9sz\u00e9re jogi tan\u00e1csot ad, szerz\u0151d\u00e9st, beadv\u00e1nyt, m\u00e1s iratot k\u00e9sz\u00edt, \u00e9s v\u00e9lem\u00e9nyez, tov\u00e1bb\u00e1 k\u00e9pviseli \u0151ket peres \u00e9s nem [&hellip;]<\/p>","protected":false},"author":1,"featured_media":0,"parent":0,"menu_order":0,"comment_status":"closed","ping_status":"closed","template":"","meta":{"_et_pb_use_builder":"on","_et_pb_old_content":"","_et_gb_content_width":"","footnotes":""},"class_list":["post-13","page","type-page","status-publish","hentry"],"_links":{"self":[{"href":"https:\/\/tosoky.hu\/en\/wp-json\/wp\/v2\/pages\/13","targetHints":{"allow":["GET"]}}],"collection":[{"href":"https:\/\/tosoky.hu\/en\/wp-json\/wp\/v2\/pages"}],"about":[{"href":"https:\/\/tosoky.hu\/en\/wp-json\/wp\/v2\/types\/page"}],"author":[{"embeddable":true,"href":"https:\/\/tosoky.hu\/en\/wp-json\/wp\/v2\/users\/1"}],"replies":[{"embeddable":true,"href":"https:\/\/tosoky.hu\/en\/wp-json\/wp\/v2\/comments?post=13"}],"version-history":[{"count":14,"href":"https:\/\/tosoky.hu\/en\/wp-json\/wp\/v2\/pages\/13\/revisions"}],"predecessor-version":[{"id":146,"href":"https:\/\/tosoky.hu\/en\/wp-json\/wp\/v2\/pages\/13\/revisions\/146"}],"wp:attachment":[{"href":"https:\/\/tosoky.hu\/en\/wp-json\/wp\/v2\/media?parent=13"}],"curies":[{"name":"wp","href":"https:\/\/api.w.org\/{rel}","templated":true}]}}